{"id":39,"date":"2020-02-24T15:03:20","date_gmt":"2020-02-24T14:03:20","guid":{"rendered":"https:\/\/www.americanspaces.sk\/?page_id=39"},"modified":"2020-02-25T19:21:24","modified_gmt":"2020-02-25T18:21:24","slug":"american-spaces-slovakia-enfold","status":"publish","type":"page","link":"https:\/\/www.americanspaces.sk\/en\/american-spaces-slovakia-enfold\/","title":{"rendered":"American Spaces Slovakia (enfold)"},"content":{"rendered":"<p>dwdw<\/p>\n","protected":false},"excerpt":{"rendered":"<p>dwdw<\/p>\n","protected":false},"author":2,"featured_media":0,"parent":0,"menu_order":0,"comment_status":"closed","ping_status":"closed","template":"","meta":{"inline_featured_image":false,"footnotes":""},"class_list":["post-39","page","type-page","status-publish","hentry"],"yoast_head":"<!-- This site is optimized with the Yoast SEO plugin v27.1.1 - https:\/\/yoast.com\/product\/yoast-seo-wordpress\/ -->\n<title>American Spaces Slovakia (enfold) - American Spaces Slovakia<\/title>\n<meta name=\"robots\" content=\"index, follow, max-snippet:-1, max-image-preview:large, max-video-preview:-1\" \/>\n<link rel=\"canonical\" href=\"https:\/\/www.americanspaces.sk\/en\/american-spaces-slovakia-enfold\/\" \/>\n<meta property=\"og:locale\" content=\"en_US\" \/>\n<meta property=\"og:type\" content=\"article\" \/>\n<meta property=\"og:title\" content=\"American Spaces Slovakia (enfold) - American Spaces Slovakia\" \/>\n<meta property=\"og:description\" content=\"dwdw\" \/>\n<meta property=\"og:url\" content=\"https:\/\/www.americanspaces.sk\/en\/american-spaces-slovakia-enfold\/\" \/>\n<meta property=\"og:site_name\" content=\"American Spaces Slovakia\" \/>\n<meta property=\"article:modified_time\" content=\"2020-02-25T18:21:24+00:00\" \/>\n<meta name=\"twitter:card\" content=\"summary_large_image\" \/>\n<script type=\"application\/ld+json\" class=\"yoast-schema-graph\">{\"@context\":\"https:\/\/schema.org\",\"@graph\":[{\"@type\":\"WebPage\",\"@id\":\"https:\/\/www.americanspaces.sk\/en\/american-spaces-slovakia-enfold\/\",\"url\":\"https:\/\/www.americanspaces.sk\/en\/american-spaces-slovakia-enfold\/\",\"name\":\"American Spaces Slovakia (enfold) - American Spaces Slovakia\",\"isPartOf\":{\"@id\":\"https:\/\/www.americanspaces.sk\/en\/#website\"},\"datePublished\":\"2020-02-24T14:03:20+00:00\",\"dateModified\":\"2020-02-25T18:21:24+00:00\",\"breadcrumb\":{\"@id\":\"https:\/\/www.americanspaces.sk\/en\/american-spaces-slovakia-enfold\/#breadcrumb\"},\"inLanguage\":\"en-US\",\"potentialAction\":[{\"@type\":\"ReadAction\",\"target\":[\"https:\/\/www.americanspaces.sk\/en\/american-spaces-slovakia-enfold\/\"]}]},{\"@type\":\"BreadcrumbList\",\"@id\":\"https:\/\/www.americanspaces.sk\/en\/american-spaces-slovakia-enfold\/#breadcrumb\",\"itemListElement\":[{\"@type\":\"ListItem\",\"position\":1,\"name\":\"Home\",\"item\":\"https:\/\/www.americanspaces.sk\/en\/\"},{\"@type\":\"ListItem\",\"position\":2,\"name\":\"American Spaces Slovakia (enfold)\"}]},{\"@type\":\"WebSite\",\"@id\":\"https:\/\/www.americanspaces.sk\/en\/#website\",\"url\":\"https:\/\/www.americanspaces.sk\/en\/\",\"name\":\"American Spaces Slovakia\",\"description\":\"technologicky vybaven\u00e9 priestory ur\u010den\u00e9 pre vzdel\u00e1vanie, tvorenie a sp\u00e1janie \u013eud\u00ed\",\"potentialAction\":[{\"@type\":\"SearchAction\",\"target\":{\"@type\":\"EntryPoint\",\"urlTemplate\":\"https:\/\/www.americanspaces.sk\/en\/?s={search_term_string}\"},\"query-input\":{\"@type\":\"PropertyValueSpecification\",\"valueRequired\":true,\"valueName\":\"search_term_string\"}}],\"inLanguage\":\"en-US\"}]}<\/script>\n<!-- \/ Yoast SEO plugin. -->","yoast_head_json":{"title":"American Spaces Slovakia (enfold) - American Spaces Slovakia","robots":{"index":"index","follow":"follow","max-snippet":"max-snippet:-1","max-image-preview":"max-image-preview:large","max-video-preview":"max-video-preview:-1"},"canonical":"https:\/\/www.americanspaces.sk\/en\/american-spaces-slovakia-enfold\/","og_locale":"en_US","og_type":"article","og_title":"American Spaces Slovakia (enfold) - American Spaces Slovakia","og_description":"dwdw","og_url":"https:\/\/www.americanspaces.sk\/en\/american-spaces-slovakia-enfold\/","og_site_name":"American Spaces Slovakia","article_modified_time":"2020-02-25T18:21:24+00:00","twitter_card":"summary_large_image","schema":{"@context":"https:\/\/schema.org","@graph":[{"@type":"WebPage","@id":"https:\/\/www.americanspaces.sk\/en\/american-spaces-slovakia-enfold\/","url":"https:\/\/www.americanspaces.sk\/en\/american-spaces-slovakia-enfold\/","name":"American Spaces Slovakia (enfold) - American Spaces Slovakia","isPartOf":{"@id":"https:\/\/www.americanspaces.sk\/en\/#website"},"datePublished":"2020-02-24T14:03:20+00:00","dateModified":"2020-02-25T18:21:24+00:00","breadcrumb":{"@id":"https:\/\/www.americanspaces.sk\/en\/american-spaces-slovakia-enfold\/#breadcrumb"},"inLanguage":"en-US","potentialAction":[{"@type":"ReadAction","target":["https:\/\/www.americanspaces.sk\/en\/american-spaces-slovakia-enfold\/"]}]},{"@type":"BreadcrumbList","@id":"https:\/\/www.americanspaces.sk\/en\/american-spaces-slovakia-enfold\/#breadcrumb","itemListElement":[{"@type":"ListItem","position":1,"name":"Home","item":"https:\/\/www.americanspaces.sk\/en\/"},{"@type":"ListItem","position":2,"name":"American Spaces Slovakia (enfold)"}]},{"@type":"WebSite","@id":"https:\/\/www.americanspaces.sk\/en\/#website","url":"https:\/\/www.americanspaces.sk\/en\/","name":"American Spaces Slovakia","description":"technologicky vybaven\u00e9 priestory ur\u010den\u00e9 pre vzdel\u00e1vanie, tvorenie a sp\u00e1janie \u013eud\u00ed","potentialAction":[{"@type":"SearchAction","target":{"@type":"EntryPoint","urlTemplate":"https:\/\/www.americanspaces.sk\/en\/?s={search_term_string}"},"query-input":{"@type":"PropertyValueSpecification","valueRequired":true,"valueName":"search_term_string"}}],"inLanguage":"en-US"}]}},"_links":{"self":[{"href":"https:\/\/www.americanspaces.sk\/en\/wp-json\/wp\/v2\/pages\/39","targetHints":{"allow":["GET"]}}],"collection":[{"href":"https:\/\/www.americanspaces.sk\/en\/wp-json\/wp\/v2\/pages"}],"about":[{"href":"https:\/\/www.americanspaces.sk\/en\/wp-json\/wp\/v2\/types\/page"}],"author":[{"embeddable":true,"href":"https:\/\/www.americanspaces.sk\/en\/wp-json\/wp\/v2\/users\/2"}],"replies":[{"embeddable":true,"href":"https:\/\/www.americanspaces.sk\/en\/wp-json\/wp\/v2\/comments?post=39"}],"version-history":[{"count":3,"href":"https:\/\/www.americanspaces.sk\/en\/wp-json\/wp\/v2\/pages\/39\/revisions"}],"predecessor-version":[{"id":131,"href":"https:\/\/www.americanspaces.sk\/en\/wp-json\/wp\/v2\/pages\/39\/revisions\/131"}],"wp:attachment":[{"href":"https:\/\/www.americanspaces.sk\/en\/wp-json\/wp\/v2\/media?parent=39"}],"curies":[{"name":"wp","href":"https:\/\/api.w.org\/{rel}","templated":true}]}}